{"id":835,"date":"2014-03-18T10:02:39","date_gmt":"2014-03-18T10:02:39","guid":{"rendered":"http:\/\/the7.dream-demo.com\/business\/?page_id=5"},"modified":"2019-02-04T16:57:18","modified_gmt":"2019-02-04T16:57:18","slug":"nosotros","status":"publish","type":"page","link":"https:\/\/icpconsulting.es\/?page_id=835","title":{"rendered":"Nosotros"},"content":{"rendered":"<div class=\"wpb-content-wrapper\"><p>[vc_row margin_top=\u00bb5&#8243; margin_bottom=\u00bb20&#8243;][vc_column width=\u00bb1\/3&#8243;][vc_column_text]<\/p>\n<h3>ICP Consulting<\/h3>\n<p>[\/vc_column_text][vc_empty_space height=\u00bb24px\u00bb][vc_column_text]International Consulting Partnership (ICP Consulting) es una consultora especializada en la internacionalizaci\u00f3n de la empresa, la responsabilidad social corporativa, el asesoramiento a gobiernos y el desarrollo de pol\u00edticas. Con sede en Madrid y delegaciones a nivel internacional, cuenta con una amplia red internacional de consultores asociados.<\/p>\n<p>La actividad de ICP Consulting se fundamenta en el conocimiento y la experiencia en los negocios y en las relaciones internacionales de su red de consultores, tanto en el sector privado como p\u00fablico, as\u00ed como en una agenda de actividades econ\u00f3micas y empresariales ligada a los desaf\u00edos de la comunidad internacional en siglo XXI.[\/vc_column_text][vc_empty_space height=\u00bb50px\u00bb][\/vc_column][vc_column width=\u00bb1\/3&#8243;][vc_column_text]<\/p>\n<h3>Valor A\u00f1adido<\/h3>\n<p>[\/vc_column_text][vc_empty_space height=\u00bb18px\u00bb][vc_column_text]ICP Consulting est\u00e1 especializada en la promoci\u00f3n de sinergias entre gobiernos y sectores privados, donde la actividad econ\u00f3mica y empresarial acomete desarrollos para Estados e instituciones p\u00fablicas (\u00a8Public Private Partnership\u00a8).<\/p>\n<p>Ponemos al servicio de las empresas un amplio cat\u00e1logo de prestaciones con el fin de que nuestros clientes asuman menos riesgos y aprovechen las oportunidades que les plantean los mercados en los que operan o buscan hacerlo.[\/vc_column_text][vc_empty_space height=\u00bb50px\u00bb][\/vc_column][vc_column width=\u00bb1\/3&#8243;][vc_column_text]<\/p>\n<h3>Servicios<\/h3>\n<p>[\/vc_column_text][vc_empty_space height=\u00bb24px\u00bb][vc_progress_bar values=\u00bb%5B%7B%22label%22%3A%22Internacionalizaci%C3%B3n%20de%20la%20empresa%22%2C%22value%22%3A%22100%22%7D%2C%7B%22label%22%3A%22Public%20Affairs%20%22%2C%22value%22%3A%2280%22%7D%2C%7B%22label%22%3A%22Responsabilidad%20social%20corporativa%22%2C%22value%22%3A%2260%22%7D%5D\u00bb bgcolor=\u00bbcustom\u00bb options=\u00bbstriped,animated\u00bb custombgcolor=\u00bb#303135&#8243;][vc_empty_space height=\u00bb50px\u00bb][\/vc_column][\/vc_row][vc_row type=\u00bb1&#8243;][vc_column][vc_empty_space][vc_column_text]<\/p>\n<h3>Socios Fundadores<\/h3>\n<p>[\/vc_column_text][vc_empty_space][vc_row_inner][vc_column_inner width=\u00bb1\/4&#8243;][\/vc_column_inner][vc_column_inner width=\u00bb1\/2&#8243;]<div class=\"wf-container round-images loading-effect-fade-in iso-grid description-under-image content-align-centre\" data-padding=\"98px\" data-cur-page=\"1\" data-width=\"370px\" data-columns=\"2\"><div class=\"wf-cell\" data-post-id=\"15187\" data-date=\"2017-09-07T17:14:47+00:00\" data-name=\"Juan Diaz\">\n\t<div class=\"team-container post-15187 dt_team type-dt_team status-publish has-post-thumbnail hentry dt_team_category-equipo dt_team_category-705 description-off\">\n\n\t\t<div class=\"team-media\"><a href=\"https:\/\/icpconsulting.es\/?dt_team=juan-diaz\" class=\"rollover layzr-bg\"><img fetchpriority=\"high\" decoding=\"async\" class=\"preload-me iso-lazy-load aspect\" src=\"data:image\/svg+xml,%3Csvg%20xmlns%3D&#39;http%3A%2F%2Fwww.w3.org%2F2000%2Fsvg&#39;%20viewBox%3D&#39;0%200%20555%20555&#39;%2F%3E\" data-src=\"https:\/\/icpconsulting.es\/wp-content\/uploads\/2017\/07\/ICP_FOTOS-078-1-555x555.png\" data-srcset=\"https:\/\/icpconsulting.es\/wp-content\/uploads\/2017\/07\/ICP_FOTOS-078-1-555x555.png 555w, https:\/\/icpconsulting.es\/wp-content\/uploads\/2017\/07\/ICP_FOTOS-078-1-925x925.png 925w\" loading=\"eager\" style=\"--ratio: 555 \/ 555\" sizes=\"(max-width: 555px) 100vw, 555px\" width=\"555\" height=\"555\"  title=\"ICP_FOTOS-078\" alt=\"\" \/><\/a><\/div>\n\t\t<div class=\"team-desc\">\n\n\t\t\t<div class=\"team-author\"><div class=\"team-author-name\"><a href=\"https:\/\/icpconsulting.es\/?dt_team=juan-diaz\">Juan Diaz<\/a><\/div><\/div><div class=\"soc-ico\"><a title=\"E-mail\" href=\"mailto:juandiaz@icpconsulting.es\" target=\"_top\" class=\"mail\"><span class=\"soc-font-icon\"><\/span><span class=\"screen-reader-text\">E-mail<\/span><\/a><a title=\"Skype\" href=\"skype:juan_diaz_m?call\" target=\"_blank\" class=\"skype\"><span class=\"soc-font-icon\"><\/span><span class=\"screen-reader-text\">Skype<\/span><\/a><\/div>\n\t\t<\/div>\n\t<\/div><\/div><\/div>[\/vc_column_inner][vc_column_inner width=\u00bb1\/4&#8243;][\/vc_column_inner][\/vc_row_inner][\/vc_column][\/vc_row][vc_row margin_top=\u00bb55&#8243; margin_bottom=\u00bb-30&#8243;][vc_column][vc_column_text]<\/p>\n<h3>Socios<\/h3>\n<p>[\/vc_column_text][vc_empty_space height=\u00bb18px\u00bb]<div id=\"ult-carousel-128307360269fb3f1a7ccdc\" class=\"ult-carousel-wrapper   ult_horizontal\" data-gutter=\"15\" data-rtl=\"false\" ><div class=\"ult-carousel-408729925269fb3f1a7cb9f \" >[vc_single_image image=\u00bb313&#8243; img_size=\u00bbfull\u00bb alignment=\u00bbcenter\u00bb onclick=\u00bbcustom_link\u00bb link=\u00bbhttps:\/\/icpconsulting.es\/mga\/\u00bb][vc_single_image image=\u00bb149&#8243; img_size=\u00bbfull\u00bb alignment=\u00bbcenter\u00bb onclick=\u00bbcustom_link\u00bb link=\u00bbhttps:\/\/icpconsulting.es\/b2-international\/\u00bb][vc_single_image image=\u00bb316&#8243; img_size=\u00bbfull\u00bb alignment=\u00bbcenter\u00bb onclick=\u00bbcustom_link\u00bb link=\u00bbhttps:\/\/icpconsulting.es\/first-house\/\u00bb][vc_single_image image=\u00bb321&#8243; img_size=\u00bbfull\u00bb alignment=\u00bbcenter\u00bb onclick=\u00bbcustom_link\u00bb link=\u00bbhttps:\/\/icpconsulting.es\/bgr-group\/\u00bb][vc_single_image image=\u00bb319&#8243; img_size=\u00bbfull\u00bb alignment=\u00bbcenter\u00bb onclick=\u00bbcustom_link\u00bb link=\u00bbhttps:\/\/icpconsulting.es\/bituff\/\u00bb][vc_single_image image=\u00bb15201&#8243; img_size=\u00bbfull\u00bb alignment=\u00bbcenter\u00bb onclick=\u00bbcustom_link\u00bb link=\u00bb https:\/\/icpconsulting.es\/nawaco\/\u00bb][vc_single_image image=\u00bb16124&#8243; img_size=\u00bbfull\u00bb alignment=\u00bbcenter\u00bb onclick=\u00bbcustom_link\u00bb link=\u00bbhttp:\/\/www.solutionpartners.com.mx\/\u00bb]<\/div><\/div>\t\t\t<script type=\"text\/javascript\">\n\t\t\t\tjQuery(document).ready(function ($) {\n\t\t\t\t\tif( typeof jQuery('.ult-carousel-408729925269fb3f1a7cb9f').slick == \"function\"){\n\t\t\t\t\t\t$('.ult-carousel-408729925269fb3f1a7cb9f').slick({dots: true,autoplay: true,autoplaySpeed: 5000,speed: 300,infinite: true,arrows: true,nextArrow: '<button type=\"button\" role=\"button\" aria-label=\"Next\" style=\"color:#333333; font-size:20px;\" class=\"slick-next default\"><i class=\"ultsl-arrow-right4\"><\/i><\/button>',prevArrow: '<button type=\"button\" role=\"button\" aria-label=\"Previous\" style=\"color:#333333; font-size:20px;\" class=\"slick-prev default\"><i class=\"ultsl-arrow-left4\"><\/i><\/button>',slidesToScroll:5,slidesToShow:5,swipe: true,draggable: true,touchMove: true,pauseOnHover: true,pauseOnFocus: false,responsive: [\n\t\t\t\t\t\t\t{\n\t\t\t\t\t\t\t  breakpoint: 1026,\n\t\t\t\t\t\t\t  settings: {\n\t\t\t\t\t\t\t\tslidesToShow: 5,\n\t\t\t\t\t\t\t\tslidesToScroll: 5,  \n\t\t\t\t\t\t\t  }\n\t\t\t\t\t\t\t},\n\t\t\t\t\t\t\t{\n\t\t\t\t\t\t\t  breakpoint: 1025,\n\t\t\t\t\t\t\t  settings: {\n\t\t\t\t\t\t\t\tslidesToShow: 3,\n\t\t\t\t\t\t\t\tslidesToScroll: 3\n\t\t\t\t\t\t\t  }\n\t\t\t\t\t\t\t},\n\t\t\t\t\t\t\t{\n\t\t\t\t\t\t\t  breakpoint: 760,\n\t\t\t\t\t\t\t  settings: {\n\t\t\t\t\t\t\t\tslidesToShow: 2,\n\t\t\t\t\t\t\t\tslidesToScroll: 2\n\t\t\t\t\t\t\t  }\n\t\t\t\t\t\t\t}\n\t\t\t\t\t\t],pauseOnDotsHover: true,customPaging: function(slider, i) {\n                   return '<i type=\"button\" style= \"color:#333333;\" class=\"ultsl-record\" data-role=\"none\"><\/i>';\n                },});\n\t\t\t\t\t}\n\t\t\t\t});\n\t\t\t<\/script>\n\t\t\t[vc_empty_space height=\u00bb50px\u00bb][\/vc_column][\/vc_row][vc_row][vc_column][vc_column_text]<\/p>\n<h3>Beneficios trabajar con ICP<\/h3>\n<p>[\/vc_column_text][vc_empty_space][vc_row_inner][vc_column_inner]<div class=\"standard-arrow list-divider bullet-top\"><ul>\n<li>Optimizaci\u00f3n de los Recursos: Reducci\u00f3n de los tiempos, de la fuerza laboral e inversi\u00f3n de servicios en un nuevo mercado.<\/li>\n<li>Externalizaci\u00f3n del Departamento Internacional: Coste variable por contrataci\u00f3n de servicios profesionales, seg\u00fan las necesidades, y sin incrementar su plantilla.<\/li>\n<li>Excelencia: Garant\u00eda de una agenda fiable de <em>partners<\/em> privados y p\u00fablicos.<\/li>\n<li>Efectividad: Minimizar y resolver las incidencias relacionadas con la diferencia cultural, geogr\u00e1fica e idiom\u00e1tica.<\/li>\n<li>Creaci\u00f3n de conocimiento: Aprendizaje en procedimientos de relaciones internacionales y comercio exterior para los recursos internos del Grupo y de su personal.<\/li>\n<\/ul>\n<\/div>[\/vc_column_inner][\/vc_row_inner][\/vc_column][\/vc_row]<\/p>\n<\/div>","protected":false},"excerpt":{"rendered":"<p>[vc_row margin_top=\u00bb5&#8243; margin_bottom=\u00bb20&#8243;][vc_column width=\u00bb1\/3&#8243;][vc_column_text] ICP Consulting [\/vc_column_text][vc_empty_space height=\u00bb24px\u00bb][vc_column_text]International Consulting Partnership (ICP Consulting) es una consultora especializada en la internacionalizaci\u00f3n de la empresa, la responsabilidad social corporativa, el asesoramiento a gobiernos y el desarrollo de pol\u00edticas. Con sede en Madrid y delegaciones a nivel internacional, cuenta con una amplia red internacional de consultores asociados. La actividad&hellip;<\/p>\n","protected":false},"author":1,"featured_media":0,"parent":0,"menu_order":400,"comment_status":"closed","ping_status":"closed","template":"","meta":{"footnotes":""},"class_list":["post-835","page","type-page","status-publish","hentry","description-off"],"yoast_head":"<!-- This site is optimized with the Yoast SEO Premium plugin v25.1 (Yoast SEO v27.4) - https:\/\/yoast.com\/product\/yoast-seo-premium-wordpress\/ -->\n<title>Nosotros - Icpconsulting<\/title>\n<meta name=\"robots\" content=\"index, follow, max-snippet:-1, max-image-preview:large, max-video-preview:-1\" \/>\n<link rel=\"canonical\" href=\"https:\/\/icpconsulting.es\/?page_id=835\" \/>\n<meta property=\"og:locale\" content=\"es_ES\" \/>\n<meta property=\"og:type\" content=\"article\" \/>\n<meta property=\"og:title\" content=\"Nosotros\" \/>\n<meta property=\"og:description\" content=\"[vc_row margin_top=\u00bb5&#8243; margin_bottom=\u00bb20&#8243;][vc_column width=\u00bb1\/3&#8243;][vc_column_text] ICP Consulting [\/vc_column_text][vc_empty_space height=\u00bb24px\u00bb][vc_column_text]International Consulting Partnership (ICP Consulting) es una consultora especializada en la internacionalizaci\u00f3n de la empresa, la responsabilidad social corporativa, el asesoramiento a gobiernos y el desarrollo de pol\u00edticas. Con sede en Madrid y delegaciones a nivel internacional, cuenta con una amplia red internacional de consultores asociados. La actividad&hellip;\" \/>\n<meta property=\"og:url\" content=\"https:\/\/icpconsulting.es\/?page_id=835\" \/>\n<meta property=\"og:site_name\" content=\"Icpconsulting\" \/>\n<meta property=\"article:modified_time\" content=\"2019-02-04T16:57:18+00:00\" \/>\n<meta name=\"twitter:card\" content=\"summary_large_image\" \/>\n<meta name=\"twitter:label1\" content=\"Tiempo de lectura\" \/>\n\t<meta name=\"twitter:data1\" content=\"3 minutos\" \/>\n<script type=\"application\/ld+json\" class=\"yoast-schema-graph\">{\"@context\":\"https:\\\/\\\/schema.org\",\"@graph\":[{\"@type\":\"WebPage\",\"@id\":\"https:\\\/\\\/icpconsulting.es\\\/?page_id=835\",\"url\":\"https:\\\/\\\/icpconsulting.es\\\/?page_id=835\",\"name\":\"Nosotros - Icpconsulting\",\"isPartOf\":{\"@id\":\"https:\\\/\\\/icpconsulting.es\\\/#website\"},\"datePublished\":\"2014-03-18T10:02:39+00:00\",\"dateModified\":\"2019-02-04T16:57:18+00:00\",\"breadcrumb\":{\"@id\":\"https:\\\/\\\/icpconsulting.es\\\/?page_id=835#breadcrumb\"},\"inLanguage\":\"es\",\"potentialAction\":[{\"@type\":\"ReadAction\",\"target\":[\"https:\\\/\\\/icpconsulting.es\\\/?page_id=835\"]}]},{\"@type\":\"BreadcrumbList\",\"@id\":\"https:\\\/\\\/icpconsulting.es\\\/?page_id=835#breadcrumb\",\"itemListElement\":[{\"@type\":\"ListItem\",\"position\":1,\"name\":\"Portada\",\"item\":\"https:\\\/\\\/icpconsulting.es\\\/\"},{\"@type\":\"ListItem\",\"position\":2,\"name\":\"Nosotros\"}]},{\"@type\":\"WebSite\",\"@id\":\"https:\\\/\\\/icpconsulting.es\\\/#website\",\"url\":\"https:\\\/\\\/icpconsulting.es\\\/\",\"name\":\"Icpconsulting\",\"description\":\"Just another WordPress site\",\"potentialAction\":[{\"@type\":\"SearchAction\",\"target\":{\"@type\":\"EntryPoint\",\"urlTemplate\":\"https:\\\/\\\/icpconsulting.es\\\/?s={search_term_string}\"},\"query-input\":{\"@type\":\"PropertyValueSpecification\",\"valueRequired\":true,\"valueName\":\"search_term_string\"}}],\"inLanguage\":\"es\"}]}<\/script>\n<!-- \/ Yoast SEO Premium plugin. -->","yoast_head_json":{"title":"Nosotros - Icpconsulting","robots":{"index":"index","follow":"follow","max-snippet":"max-snippet:-1","max-image-preview":"max-image-preview:large","max-video-preview":"max-video-preview:-1"},"canonical":"https:\/\/icpconsulting.es\/?page_id=835","og_locale":"es_ES","og_type":"article","og_title":"Nosotros","og_description":"[vc_row margin_top=\u00bb5&#8243; margin_bottom=\u00bb20&#8243;][vc_column width=\u00bb1\/3&#8243;][vc_column_text] ICP Consulting [\/vc_column_text][vc_empty_space height=\u00bb24px\u00bb][vc_column_text]International Consulting Partnership (ICP Consulting) es una consultora especializada en la internacionalizaci\u00f3n de la empresa, la responsabilidad social corporativa, el asesoramiento a gobiernos y el desarrollo de pol\u00edticas. Con sede en Madrid y delegaciones a nivel internacional, cuenta con una amplia red internacional de consultores asociados. La actividad&hellip;","og_url":"https:\/\/icpconsulting.es\/?page_id=835","og_site_name":"Icpconsulting","article_modified_time":"2019-02-04T16:57:18+00:00","twitter_card":"summary_large_image","twitter_misc":{"Tiempo de lectura":"3 minutos"},"schema":{"@context":"https:\/\/schema.org","@graph":[{"@type":"WebPage","@id":"https:\/\/icpconsulting.es\/?page_id=835","url":"https:\/\/icpconsulting.es\/?page_id=835","name":"Nosotros - Icpconsulting","isPartOf":{"@id":"https:\/\/icpconsulting.es\/#website"},"datePublished":"2014-03-18T10:02:39+00:00","dateModified":"2019-02-04T16:57:18+00:00","breadcrumb":{"@id":"https:\/\/icpconsulting.es\/?page_id=835#breadcrumb"},"inLanguage":"es","potentialAction":[{"@type":"ReadAction","target":["https:\/\/icpconsulting.es\/?page_id=835"]}]},{"@type":"BreadcrumbList","@id":"https:\/\/icpconsulting.es\/?page_id=835#breadcrumb","itemListElement":[{"@type":"ListItem","position":1,"name":"Portada","item":"https:\/\/icpconsulting.es\/"},{"@type":"ListItem","position":2,"name":"Nosotros"}]},{"@type":"WebSite","@id":"https:\/\/icpconsulting.es\/#website","url":"https:\/\/icpconsulting.es\/","name":"Icpconsulting","description":"Just another WordPress site","potentialAction":[{"@type":"SearchAction","target":{"@type":"EntryPoint","urlTemplate":"https:\/\/icpconsulting.es\/?s={search_term_string}"},"query-input":{"@type":"PropertyValueSpecification","valueRequired":true,"valueName":"search_term_string"}}],"inLanguage":"es"}]}},"_links":{"self":[{"href":"https:\/\/icpconsulting.es\/index.php?rest_route=\/wp\/v2\/pages\/835","targetHints":{"allow":["GET"]}}],"collection":[{"href":"https:\/\/icpconsulting.es\/index.php?rest_route=\/wp\/v2\/pages"}],"about":[{"href":"https:\/\/icpconsulting.es\/index.php?rest_route=\/wp\/v2\/types\/page"}],"author":[{"embeddable":true,"href":"https:\/\/icpconsulting.es\/index.php?rest_route=\/wp\/v2\/users\/1"}],"replies":[{"embeddable":true,"href":"https:\/\/icpconsulting.es\/index.php?rest_route=%2Fwp%2Fv2%2Fcomments&post=835"}],"version-history":[{"count":0,"href":"https:\/\/icpconsulting.es\/index.php?rest_route=\/wp\/v2\/pages\/835\/revisions"}],"wp:attachment":[{"href":"https:\/\/icpconsulting.es\/index.php?rest_route=%2Fwp%2Fv2%2Fmedia&parent=835"}],"curies":[{"name":"wp","href":"https:\/\/api.w.org\/{rel}","templated":true}]}}