{"id":222,"date":"2017-07-28T16:38:49","date_gmt":"2017-07-28T16:38:49","guid":{"rendered":"https:\/\/icpconsulting.es\/?page_id=222"},"modified":"2017-07-28T16:39:25","modified_gmt":"2017-07-28T16:39:25","slug":"aviso-legal","status":"publish","type":"page","link":"https:\/\/icpconsulting.es\/?page_id=222","title":{"rendered":"Aviso legal"},"content":{"rendered":"<div class=\"item-page\">\n<p>INTERNATIONAL CONSULTING PARTNERSHIP, S.L., con NIF\/CIF B86399383, direcci\u00f3n c\/ Carranza, 25, 5\u00ba, puerta 3, 28004 &#8211; Madrid (Madrid), no puede asumir ninguna responsabilidad derivada del uso incorrecto, inapropiado o il\u00edcito de la informaci\u00f3n aparecida en las p\u00e1ginas de Internet de www.icpconsulting.es\/es<\/p>\n<p>Con los l\u00edmites establecidos en la ley, www.icpconsulting.es\/es no asume ninguna responsabilidad derivada de la falta de veracidad, integridad, actualizaci\u00f3n y precisi\u00f3n de los datos o informaciones que se contienen en sus p\u00e1ginas de Internet.<\/p>\n<p>Los contenidos e informaci\u00f3n no vinculan a www.icpconsulting.es\/es ni constituyen opiniones, consejos o asesoramiento legal de ning\u00fan tipo pues se trata meramente de un servicio ofrecido con car\u00e1cter informativo y divulgativo.<\/p>\n<p>Las p\u00e1ginas de Internet de www.icpconsulting.es\/es pueden contener enlaces (links) a otras p\u00e1ginas de terceras partes que www.icpconsulting.es\/es no puede controlar. Por lo tanto, www.icpconsulting.es\/es no puede asumir responsabilidades por el contenido que pueda aparecer en p\u00e1ginas de terceros.<\/p>\n<p>Los textos, im\u00e1genes, sonidos, animaciones, software y el resto de contenidos incluidos en este website son propiedad exclusiva de www.icpconsulting.es\/es o sus licenciantes. Cualquier acto de transmisi\u00f3n, distribuci\u00f3n, cesi\u00f3n, reproducci\u00f3n, almacenamiento o comunicaci\u00f3n p\u00fablica total o parcial, debe contar con el consentimiento expreso de www.icpconsulting.es\/es.<\/p>\n<p>Asimismo, para acceder a algunos de los servicios que www.icpconsulting.es\/es ofrece a trav\u00e9s del website deber\u00e1 proporcionar algunos datos de car\u00e1cter personal. En cumplimiento de lo establecido en la Ley Org\u00e1nica 15\/1999, de 13 de diciembre, de Protecci\u00f3n de Datos de Car\u00e1cter Personal le informamos que, mediante la cumplimentaci\u00f3n de los presentes formularios, sus datos personales quedar\u00e1n incorporados y ser\u00e1n tratados en los ficheros de INTERNATIONAL CONSULTING PARTNERSHIP, S.L. con el fin de poderle prestar y ofrecer nuestros servicios as\u00ed como para informarle de las mejoras del sitio Web. Asimismo, le informamos de la posibilidad de que ejerza los derechos de acceso, rectificaci\u00f3n, cancelaci\u00f3n y oposici\u00f3n de sus datos de car\u00e1cter personal, manera gratuita mediante email a <a href=\"mailto:ainhoaazkarraga@icpconsulting.es\">ainhoaazkarraga@icpconsulting.es<\/a> o en la direcci\u00f3n c\/ Carranza, 25, 5\u00ba, puerta 3, 28004 &#8211; Madrid (Madrid).<\/p>\n<\/div>\n","protected":false},"excerpt":{"rendered":"<p>INTERNATIONAL CONSULTING PARTNERSHIP, S.L., con NIF\/CIF B86399383, direcci\u00f3n c\/ Carranza, 25, 5\u00ba, puerta 3, 28004 &#8211; Madrid (Madrid), no puede asumir ninguna responsabilidad derivada del uso incorrecto, inapropiado o il\u00edcito de la informaci\u00f3n aparecida en las p\u00e1ginas de Internet de www.icpconsulting.es\/es Con los l\u00edmites establecidos en la ley, www.icpconsulting.es\/es no asume ninguna responsabilidad derivada de&hellip;<\/p>\n","protected":false},"author":1,"featured_media":0,"parent":0,"menu_order":0,"comment_status":"closed","ping_status":"closed","template":"","meta":{"footnotes":""},"class_list":["post-222","page","type-page","status-publish","hentry","description-off"],"yoast_head":"<!-- This site is optimized with the Yoast SEO Premium plugin v25.1 (Yoast SEO v27.4) - https:\/\/yoast.com\/product\/yoast-seo-premium-wordpress\/ -->\n<title>Aviso legal - Icpconsulting<\/title>\n<meta name=\"robots\" content=\"index, follow, max-snippet:-1, max-image-preview:large, max-video-preview:-1\" \/>\n<link rel=\"canonical\" href=\"https:\/\/icpconsulting.es\/?page_id=222\" \/>\n<meta property=\"og:locale\" content=\"es_ES\" \/>\n<meta property=\"og:type\" content=\"article\" \/>\n<meta property=\"og:title\" content=\"Aviso legal\" \/>\n<meta property=\"og:description\" content=\"INTERNATIONAL CONSULTING PARTNERSHIP, S.L., con NIF\/CIF B86399383, direcci\u00f3n c\/ Carranza, 25, 5\u00ba, puerta 3, 28004 &#8211; Madrid (Madrid), no puede asumir ninguna responsabilidad derivada del uso incorrecto, inapropiado o il\u00edcito de la informaci\u00f3n aparecida en las p\u00e1ginas de Internet de www.icpconsulting.es\/es Con los l\u00edmites establecidos en la ley, www.icpconsulting.es\/es no asume ninguna responsabilidad derivada de&hellip;\" \/>\n<meta property=\"og:url\" content=\"https:\/\/icpconsulting.es\/?page_id=222\" \/>\n<meta property=\"og:site_name\" content=\"Icpconsulting\" \/>\n<meta property=\"article:modified_time\" content=\"2017-07-28T16:39:25+00:00\" \/>\n<meta name=\"twitter:card\" content=\"summary_large_image\" \/>\n<meta name=\"twitter:label1\" content=\"Tiempo de lectura\" \/>\n\t<meta name=\"twitter:data1\" content=\"2 minutos\" \/>\n<script type=\"application\/ld+json\" class=\"yoast-schema-graph\">{\"@context\":\"https:\\\/\\\/schema.org\",\"@graph\":[{\"@type\":\"WebPage\",\"@id\":\"https:\\\/\\\/icpconsulting.es\\\/?page_id=222\",\"url\":\"https:\\\/\\\/icpconsulting.es\\\/?page_id=222\",\"name\":\"Aviso legal - Icpconsulting\",\"isPartOf\":{\"@id\":\"https:\\\/\\\/icpconsulting.es\\\/#website\"},\"datePublished\":\"2017-07-28T16:38:49+00:00\",\"dateModified\":\"2017-07-28T16:39:25+00:00\",\"breadcrumb\":{\"@id\":\"https:\\\/\\\/icpconsulting.es\\\/?page_id=222#breadcrumb\"},\"inLanguage\":\"es\",\"potentialAction\":[{\"@type\":\"ReadAction\",\"target\":[\"https:\\\/\\\/icpconsulting.es\\\/?page_id=222\"]}]},{\"@type\":\"BreadcrumbList\",\"@id\":\"https:\\\/\\\/icpconsulting.es\\\/?page_id=222#breadcrumb\",\"itemListElement\":[{\"@type\":\"ListItem\",\"position\":1,\"name\":\"Portada\",\"item\":\"https:\\\/\\\/icpconsulting.es\\\/\"},{\"@type\":\"ListItem\",\"position\":2,\"name\":\"Aviso legal\"}]},{\"@type\":\"WebSite\",\"@id\":\"https:\\\/\\\/icpconsulting.es\\\/#website\",\"url\":\"https:\\\/\\\/icpconsulting.es\\\/\",\"name\":\"Icpconsulting\",\"description\":\"Just another WordPress site\",\"potentialAction\":[{\"@type\":\"SearchAction\",\"target\":{\"@type\":\"EntryPoint\",\"urlTemplate\":\"https:\\\/\\\/icpconsulting.es\\\/?s={search_term_string}\"},\"query-input\":{\"@type\":\"PropertyValueSpecification\",\"valueRequired\":true,\"valueName\":\"search_term_string\"}}],\"inLanguage\":\"es\"}]}<\/script>\n<!-- \/ Yoast SEO Premium plugin. -->","yoast_head_json":{"title":"Aviso legal - Icpconsulting","robots":{"index":"index","follow":"follow","max-snippet":"max-snippet:-1","max-image-preview":"max-image-preview:large","max-video-preview":"max-video-preview:-1"},"canonical":"https:\/\/icpconsulting.es\/?page_id=222","og_locale":"es_ES","og_type":"article","og_title":"Aviso legal","og_description":"INTERNATIONAL CONSULTING PARTNERSHIP, S.L., con NIF\/CIF B86399383, direcci\u00f3n c\/ Carranza, 25, 5\u00ba, puerta 3, 28004 &#8211; Madrid (Madrid), no puede asumir ninguna responsabilidad derivada del uso incorrecto, inapropiado o il\u00edcito de la informaci\u00f3n aparecida en las p\u00e1ginas de Internet de www.icpconsulting.es\/es Con los l\u00edmites establecidos en la ley, www.icpconsulting.es\/es no asume ninguna responsabilidad derivada de&hellip;","og_url":"https:\/\/icpconsulting.es\/?page_id=222","og_site_name":"Icpconsulting","article_modified_time":"2017-07-28T16:39:25+00:00","twitter_card":"summary_large_image","twitter_misc":{"Tiempo de lectura":"2 minutos"},"schema":{"@context":"https:\/\/schema.org","@graph":[{"@type":"WebPage","@id":"https:\/\/icpconsulting.es\/?page_id=222","url":"https:\/\/icpconsulting.es\/?page_id=222","name":"Aviso legal - Icpconsulting","isPartOf":{"@id":"https:\/\/icpconsulting.es\/#website"},"datePublished":"2017-07-28T16:38:49+00:00","dateModified":"2017-07-28T16:39:25+00:00","breadcrumb":{"@id":"https:\/\/icpconsulting.es\/?page_id=222#breadcrumb"},"inLanguage":"es","potentialAction":[{"@type":"ReadAction","target":["https:\/\/icpconsulting.es\/?page_id=222"]}]},{"@type":"BreadcrumbList","@id":"https:\/\/icpconsulting.es\/?page_id=222#breadcrumb","itemListElement":[{"@type":"ListItem","position":1,"name":"Portada","item":"https:\/\/icpconsulting.es\/"},{"@type":"ListItem","position":2,"name":"Aviso legal"}]},{"@type":"WebSite","@id":"https:\/\/icpconsulting.es\/#website","url":"https:\/\/icpconsulting.es\/","name":"Icpconsulting","description":"Just another WordPress site","potentialAction":[{"@type":"SearchAction","target":{"@type":"EntryPoint","urlTemplate":"https:\/\/icpconsulting.es\/?s={search_term_string}"},"query-input":{"@type":"PropertyValueSpecification","valueRequired":true,"valueName":"search_term_string"}}],"inLanguage":"es"}]}},"_links":{"self":[{"href":"https:\/\/icpconsulting.es\/index.php?rest_route=\/wp\/v2\/pages\/222","targetHints":{"allow":["GET"]}}],"collection":[{"href":"https:\/\/icpconsulting.es\/index.php?rest_route=\/wp\/v2\/pages"}],"about":[{"href":"https:\/\/icpconsulting.es\/index.php?rest_route=\/wp\/v2\/types\/page"}],"author":[{"embeddable":true,"href":"https:\/\/icpconsulting.es\/index.php?rest_route=\/wp\/v2\/users\/1"}],"replies":[{"embeddable":true,"href":"https:\/\/icpconsulting.es\/index.php?rest_route=%2Fwp%2Fv2%2Fcomments&post=222"}],"version-history":[{"count":0,"href":"https:\/\/icpconsulting.es\/index.php?rest_route=\/wp\/v2\/pages\/222\/revisions"}],"wp:attachment":[{"href":"https:\/\/icpconsulting.es\/index.php?rest_route=%2Fwp%2Fv2%2Fmedia&parent=222"}],"curies":[{"name":"wp","href":"https:\/\/api.w.org\/{rel}","templated":true}]}}