{"id":21,"date":"2017-07-19T17:15:16","date_gmt":"2017-07-19T17:15:16","guid":{"rendered":"https:\/\/icpconsulting.es\/?page_id=21"},"modified":"2023-05-10T16:15:44","modified_gmt":"2023-05-10T16:15:44","slug":"servicios","status":"publish","type":"page","link":"https:\/\/icpconsulting.es\/?page_id=21","title":{"rendered":"Servicios"},"content":{"rendered":"<div class=\"wpb-content-wrapper\"><p>[vc_row][vc_column][vc_empty_space][vc_column_text]ICP Consulting est\u00e1 especializada en la promoci\u00f3n de sinergias entre gobiernos y el sector privado y ofrece un amplio espectro de servicios con el fin de que nuestros clientes afronten menos riesgos y aprovechen las oportunidades en los diferentes mercados en los que operan o proyectan hacerlo.<\/p>\n<p>Ofrece tambi\u00e9n soluciones adaptadas a cada compa\u00f1\u00eda para su internacionalizaci\u00f3n y colabora en el fortalecimiento de las relaciones internacionales entre Estados, gobiernos y organismos multilaterales. De igual manera, estimula la cooperaci\u00f3n al desarrollo sostenible y dise\u00f1a instrumentos estrat\u00e9gicos para gestiona planes y proyectos de negocio en el exterior.<\/p>\n<p>ICP Consulting concentra sus actividades en cuatro grandes \u00e1reas de actuaci\u00f3n:[\/vc_column_text][\/vc_column][\/vc_row][vc_row][vc_column width=\u00bb2\/3&#8243;]<section id=\"benefits-grid-1\" class=\"benefits-grid wf-container benefits-style-two icons-bg animation-at-the-same-time accent-bg light-hover-bg custom-icon-color accent-icon-hover-color\" data-width=\"300px\" data-columns=\"1\"><style type=\"text\/css\">#benefits-grid-1.icons-bg .benefits-grid-ico { height: 44px; line-height: 44px; width: 44px;-webkit-border-radius: 100px;-moz-border-radius: 100px;-ms-border-radius: 100px;-o-border-radius: 100px;border-radius: 100px; }#benefits-grid-1.icons-bg .benefits-grid-ico > i { font-size: 22px; line-height: 44px; }#benefits-grid-1.custom-icon-color .benefits-grid-ico > i,\n\t\t\t\t\t#benefits-grid-1.custom-icon-color .benefits-grid-ico > i:before { color: #ffffff; }<\/style><div class=\"wf-cell\"><div><div class=\"text-big\"><div class=\"wf-table\"><div class=\"wf-td\"><span class=\"benefits-grid-ico fadeInLeft animate-element\"><i class=\"fa fa-rocket\"><\/i><\/span><\/div><div class=\"wf-td benefits-inner\"><h5>Internacionalizaci\u00f3n de la empresa.<\/h5><p>Los servicios de consultor\u00eda de internacionalizaci\u00f3n de ICP Consulting van m\u00e1s all\u00e1 de la mera comercializaci\u00f3n de productos o del asesoramiento a empresas o inversores en el exterior. La experiencia nos ha demostrado que, para que la estrategia de internacionalizaci\u00f3n sea exitosa, es preciso que haya una cultura de negocio internacional impulsada por los equipos directivos y asumida transversalmente en la compa\u00f1\u00eda. Por ello, asesoramos para que la internacionalizaci\u00f3n sea un pilar central de la estrategia corporativa de las empresas.<\/p>\n<p><a class=\"btn-shortcode dt-btn-s dt-btn default-btn-color default-btn-hover-color default-btn-bg-color default-btn-bg-hover-color\" href=\"https:\/\/icpconsulting.es\/internacionalizacion-la-empresa\/\">Leer m\u00e1s<\/a><\/p>\n<p>&nbsp;<\/p>\n<\/div><\/div><\/div><\/div><\/div><div class=\"wf-cell\"><div><div class=\"text-big\"><div class=\"wf-table\"><div class=\"wf-td\"><span class=\"benefits-grid-ico fadeInLeft animate-element\"><i class=\"fa fa-camera-retro\"><\/i><\/span><\/div><div class=\"wf-td benefits-inner\"><h5>Public Affairs<\/h5><p>Desde ICP Consulting se asesora tanto a empresas como a organismos en la construcci\u00f3n y reforzamiento de su posicionamiento e influencia en entornos estrat\u00e9gicos, tanto en el \u00e1mbito privado como con los decisores p\u00fablicos. Para ello, profundizamos en el an\u00e1lisis e interpretaci\u00f3n de la actualidad, proporcionando a nuestros clientes las claves para defender sus intereses, definir sus estrat\u00e9gicas y forjar las alianzas necesarias en los entornos de poder pol\u00edtico, econ\u00f3mico y social.<\/p>\n<p>Nuestra consultor\u00eda estrat\u00e9gica se orienta a:<\/p>\n<ul>\n<li>La anticipaci\u00f3n mediante el an\u00e1lisis prospectivo de la actualidad pol\u00edtica, regulatoria y social en todos los niveles.<\/li>\n<li>La correcta identificaci\u00f3n de actores relevantes, las din\u00e1micas de interrelaci\u00f3n y las posibilidades de vinculaci\u00f3n.<\/li>\n<li>La definici\u00f3n de objetivos y estrategias en asuntos p\u00fablicos y diplomacia corporativa.<\/li>\n<\/ul>\n<p><a class=\"btn-shortcode dt-btn-s dt-btn default-btn-color default-btn-hover-color default-btn-bg-color default-btn-bg-hover-color\" href=\"https:\/\/icpconsulting.es\/public-affairs\/\">Leer m\u00e1s<\/a><\/p>\n<\/div><\/div><\/div><\/div><\/div><\/section>[\/vc_column][vc_column width=\u00bb1\/3&#8243;][vc_single_image image=\u00bb14934&#8243; img_size=\u00bbmedium\u00bb alignment=\u00bbcenter\u00bb style=\u00bbvc_box_circle\u00bb][vc_single_image image=\u00bb14935&#8243; img_size=\u00bbmedium\u00bb alignment=\u00bbcenter\u00bb style=\u00bbvc_box_circle\u00bb][\/vc_column][\/vc_row]<\/p>\n<\/div>","protected":false},"excerpt":{"rendered":"<p>[vc_row][vc_column][vc_empty_space][vc_column_text]ICP Consulting est\u00e1 especializada en la promoci\u00f3n de sinergias entre gobiernos y el sector privado y ofrece un amplio espectro de servicios con el fin de que nuestros clientes afronten menos riesgos y aprovechen las oportunidades en los diferentes mercados en los que operan o proyectan hacerlo. Ofrece tambi\u00e9n soluciones adaptadas a cada compa\u00f1\u00eda para&hellip;<\/p>\n","protected":false},"author":1,"featured_media":0,"parent":0,"menu_order":0,"comment_status":"closed","ping_status":"closed","template":"","meta":{"footnotes":""},"class_list":["post-21","page","type-page","status-publish","hentry","description-off"],"yoast_head":"<!-- This site is optimized with the Yoast SEO Premium plugin v25.1 (Yoast SEO v27.4) - https:\/\/yoast.com\/product\/yoast-seo-premium-wordpress\/ -->\n<title>Servicios - Icpconsulting<\/title>\n<meta name=\"robots\" content=\"index, follow, max-snippet:-1, max-image-preview:large, max-video-preview:-1\" \/>\n<link rel=\"canonical\" href=\"https:\/\/icpconsulting.es\/?page_id=21\" \/>\n<meta property=\"og:locale\" content=\"es_ES\" \/>\n<meta property=\"og:type\" content=\"article\" \/>\n<meta property=\"og:title\" content=\"Servicios\" \/>\n<meta property=\"og:description\" content=\"[vc_row][vc_column][vc_empty_space][vc_column_text]ICP Consulting est\u00e1 especializada en la promoci\u00f3n de sinergias entre gobiernos y el sector privado y ofrece un amplio espectro de servicios con el fin de que nuestros clientes afronten menos riesgos y aprovechen las oportunidades en los diferentes mercados en los que operan o proyectan hacerlo. Ofrece tambi\u00e9n soluciones adaptadas a cada compa\u00f1\u00eda para&hellip;\" \/>\n<meta property=\"og:url\" content=\"https:\/\/icpconsulting.es\/?page_id=21\" \/>\n<meta property=\"og:site_name\" content=\"Icpconsulting\" \/>\n<meta property=\"article:modified_time\" content=\"2023-05-10T16:15:44+00:00\" \/>\n<meta name=\"twitter:card\" content=\"summary_large_image\" \/>\n<meta name=\"twitter:label1\" content=\"Tiempo de lectura\" \/>\n\t<meta name=\"twitter:data1\" content=\"1 minuto\" \/>\n<script type=\"application\/ld+json\" class=\"yoast-schema-graph\">{\"@context\":\"https:\\\/\\\/schema.org\",\"@graph\":[{\"@type\":\"WebPage\",\"@id\":\"https:\\\/\\\/icpconsulting.es\\\/?page_id=21\",\"url\":\"https:\\\/\\\/icpconsulting.es\\\/?page_id=21\",\"name\":\"Servicios - Icpconsulting\",\"isPartOf\":{\"@id\":\"https:\\\/\\\/icpconsulting.es\\\/#website\"},\"datePublished\":\"2017-07-19T17:15:16+00:00\",\"dateModified\":\"2023-05-10T16:15:44+00:00\",\"breadcrumb\":{\"@id\":\"https:\\\/\\\/icpconsulting.es\\\/?page_id=21#breadcrumb\"},\"inLanguage\":\"es\",\"potentialAction\":[{\"@type\":\"ReadAction\",\"target\":[\"https:\\\/\\\/icpconsulting.es\\\/?page_id=21\"]}]},{\"@type\":\"BreadcrumbList\",\"@id\":\"https:\\\/\\\/icpconsulting.es\\\/?page_id=21#breadcrumb\",\"itemListElement\":[{\"@type\":\"ListItem\",\"position\":1,\"name\":\"Portada\",\"item\":\"https:\\\/\\\/icpconsulting.es\\\/\"},{\"@type\":\"ListItem\",\"position\":2,\"name\":\"Servicios\"}]},{\"@type\":\"WebSite\",\"@id\":\"https:\\\/\\\/icpconsulting.es\\\/#website\",\"url\":\"https:\\\/\\\/icpconsulting.es\\\/\",\"name\":\"Icpconsulting\",\"description\":\"Just another WordPress site\",\"potentialAction\":[{\"@type\":\"SearchAction\",\"target\":{\"@type\":\"EntryPoint\",\"urlTemplate\":\"https:\\\/\\\/icpconsulting.es\\\/?s={search_term_string}\"},\"query-input\":{\"@type\":\"PropertyValueSpecification\",\"valueRequired\":true,\"valueName\":\"search_term_string\"}}],\"inLanguage\":\"es\"}]}<\/script>\n<!-- \/ Yoast SEO Premium plugin. -->","yoast_head_json":{"title":"Servicios - Icpconsulting","robots":{"index":"index","follow":"follow","max-snippet":"max-snippet:-1","max-image-preview":"max-image-preview:large","max-video-preview":"max-video-preview:-1"},"canonical":"https:\/\/icpconsulting.es\/?page_id=21","og_locale":"es_ES","og_type":"article","og_title":"Servicios","og_description":"[vc_row][vc_column][vc_empty_space][vc_column_text]ICP Consulting est\u00e1 especializada en la promoci\u00f3n de sinergias entre gobiernos y el sector privado y ofrece un amplio espectro de servicios con el fin de que nuestros clientes afronten menos riesgos y aprovechen las oportunidades en los diferentes mercados en los que operan o proyectan hacerlo. Ofrece tambi\u00e9n soluciones adaptadas a cada compa\u00f1\u00eda para&hellip;","og_url":"https:\/\/icpconsulting.es\/?page_id=21","og_site_name":"Icpconsulting","article_modified_time":"2023-05-10T16:15:44+00:00","twitter_card":"summary_large_image","twitter_misc":{"Tiempo de lectura":"1 minuto"},"schema":{"@context":"https:\/\/schema.org","@graph":[{"@type":"WebPage","@id":"https:\/\/icpconsulting.es\/?page_id=21","url":"https:\/\/icpconsulting.es\/?page_id=21","name":"Servicios - Icpconsulting","isPartOf":{"@id":"https:\/\/icpconsulting.es\/#website"},"datePublished":"2017-07-19T17:15:16+00:00","dateModified":"2023-05-10T16:15:44+00:00","breadcrumb":{"@id":"https:\/\/icpconsulting.es\/?page_id=21#breadcrumb"},"inLanguage":"es","potentialAction":[{"@type":"ReadAction","target":["https:\/\/icpconsulting.es\/?page_id=21"]}]},{"@type":"BreadcrumbList","@id":"https:\/\/icpconsulting.es\/?page_id=21#breadcrumb","itemListElement":[{"@type":"ListItem","position":1,"name":"Portada","item":"https:\/\/icpconsulting.es\/"},{"@type":"ListItem","position":2,"name":"Servicios"}]},{"@type":"WebSite","@id":"https:\/\/icpconsulting.es\/#website","url":"https:\/\/icpconsulting.es\/","name":"Icpconsulting","description":"Just another WordPress site","potentialAction":[{"@type":"SearchAction","target":{"@type":"EntryPoint","urlTemplate":"https:\/\/icpconsulting.es\/?s={search_term_string}"},"query-input":{"@type":"PropertyValueSpecification","valueRequired":true,"valueName":"search_term_string"}}],"inLanguage":"es"}]}},"_links":{"self":[{"href":"https:\/\/icpconsulting.es\/index.php?rest_route=\/wp\/v2\/pages\/21","targetHints":{"allow":["GET"]}}],"collection":[{"href":"https:\/\/icpconsulting.es\/index.php?rest_route=\/wp\/v2\/pages"}],"about":[{"href":"https:\/\/icpconsulting.es\/index.php?rest_route=\/wp\/v2\/types\/page"}],"author":[{"embeddable":true,"href":"https:\/\/icpconsulting.es\/index.php?rest_route=\/wp\/v2\/users\/1"}],"replies":[{"embeddable":true,"href":"https:\/\/icpconsulting.es\/index.php?rest_route=%2Fwp%2Fv2%2Fcomments&post=21"}],"version-history":[{"count":1,"href":"https:\/\/icpconsulting.es\/index.php?rest_route=\/wp\/v2\/pages\/21\/revisions"}],"predecessor-version":[{"id":17095,"href":"https:\/\/icpconsulting.es\/index.php?rest_route=\/wp\/v2\/pages\/21\/revisions\/17095"}],"wp:attachment":[{"href":"https:\/\/icpconsulting.es\/index.php?rest_route=%2Fwp%2Fv2%2Fmedia&parent=21"}],"curies":[{"name":"wp","href":"https:\/\/api.w.org\/{rel}","templated":true}]}}