{"id":14823,"date":"2014-03-18T18:44:31","date_gmt":"2014-03-18T18:44:31","guid":{"rendered":"http:\/\/the7.dream-demo.com\/business\/?page_id=302"},"modified":"2019-01-30T21:48:32","modified_gmt":"2019-01-30T21:48:32","slug":"equipo2","status":"publish","type":"page","link":"https:\/\/icpconsulting.es\/?page_id=14823","title":{"rendered":"Equipo"},"content":{"rendered":"<div class=\"wpb-content-wrapper\"><p>[vc_row type=\u00bb1&#8243; padding_top=\u00bb60&#8243; padding_bottom=\u00bb30&#8243;][vc_column][vc_row_inner][vc_column_inner][vc_column_text]ICP Consulting pone a disposici\u00f3n de empresas y administraciones p\u00fablicas equipos multidisciplinares de consultores y gestores expertos en internacionalizaci\u00f3n y mercados exteriores, al tiempo que asesora en los \u00e1mbitos multilaterales y la promoci\u00f3n de pol\u00edticas p\u00fablicas a nivel internacional.<\/p>\n<p>La formaci\u00f3n especializada y la amplia experiencia de consultores y colaboradores asociados de ICP, que conforman una red internacional de expertos, nos permite ofrecer soluciones para la internacionalizaci\u00f3n de empresas, la b\u00fasqueda de mercados y oportunidades de negocio, o la proyecci\u00f3n e influencia de administraciones e instituciones en la esfera internacional.[\/vc_column_text][\/vc_column_inner][\/vc_row_inner]<div class=\"wf-container round-images loading-effect-fade-in iso-grid description-under-image content-align-centre\" data-padding=\"70px\" data-cur-page=\"1\" data-width=\"180px\" data-columns=\"4\"><div class=\"wf-cell\" data-post-id=\"15190\" data-date=\"2017-09-07T17:27:47+00:00\" data-name=\"Juan Diaz\">\n\t<div class=\"team-container post-15190 dt_team type-dt_team status-publish has-post-thumbnail hentry dt_team_category-team2 dt_team_category-706 description-off\">\n\n\t\t<div class=\"team-media\"><a href=\"https:\/\/icpconsulting.es\/?dt_team=1-2\" class=\"rollover layzr-bg\"><img fetchpriority=\"high\" decoding=\"async\" class=\"preload-me iso-lazy-load aspect\" src=\"data:image\/svg+xml,%3Csvg%20xmlns%3D&#39;http%3A%2F%2Fwww.w3.org%2F2000%2Fsvg&#39;%20viewBox%3D&#39;0%200%20270%20270&#39;%2F%3E\" data-src=\"https:\/\/icpconsulting.es\/wp-content\/uploads\/2017\/07\/ICP_FOTOS-078-1-270x270.png\" data-srcset=\"https:\/\/icpconsulting.es\/wp-content\/uploads\/2017\/07\/ICP_FOTOS-078-1-270x270.png 270w, https:\/\/icpconsulting.es\/wp-content\/uploads\/2017\/07\/ICP_FOTOS-078-1-540x540.png 540w\" loading=\"eager\" style=\"--ratio: 270 \/ 270\" sizes=\"(max-width: 270px) 100vw, 270px\" width=\"270\" height=\"270\"  title=\"ICP_FOTOS-078\" alt=\"\" \/><\/a><\/div>\n\t\t<div class=\"team-desc\">\n\n\t\t\t<div class=\"team-author\"><div class=\"team-author-name\"><a href=\"https:\/\/icpconsulting.es\/?dt_team=1-2\">Juan Diaz<\/a><\/div><p>General Director<\/p><\/div>\n\t\t<\/div>\n\t<\/div><\/div><div class=\"wf-cell\" data-post-id=\"16735\" data-date=\"2017-09-07T17:18:49+00:00\" data-name=\"Yolanda Parrado\">\n\t<div class=\"team-container post-16735 dt_team type-dt_team status-publish has-post-thumbnail hentry dt_team_category-team2 dt_team_category-706 description-off\">\n\n\t\t<div class=\"team-media\"><a href=\"https:\/\/icpconsulting.es\/?dt_team=yolanda-parrado-2\" class=\"rollover layzr-bg\"><img decoding=\"async\" class=\"preload-me iso-lazy-load aspect\" src=\"data:image\/svg+xml,%3Csvg%20xmlns%3D&#39;http%3A%2F%2Fwww.w3.org%2F2000%2Fsvg&#39;%20viewBox%3D&#39;0%200%20200%20200&#39;%2F%3E\" data-src=\"https:\/\/icpconsulting.es\/wp-content\/uploads\/2017\/09\/yolanda-200x200.jpg\" data-srcset=\"https:\/\/icpconsulting.es\/wp-content\/uploads\/2017\/09\/yolanda-200x200.jpg 200w\" loading=\"eager\" style=\"--ratio: 200 \/ 200\" sizes=\"(max-width: 200px) 100vw, 200px\" width=\"200\" height=\"200\"  title=\"yolanda\" alt=\"\" \/><\/a><\/div>\n\t\t<div class=\"team-desc\">\n\n\t\t\t<div class=\"team-author\"><div class=\"team-author-name\"><a href=\"https:\/\/icpconsulting.es\/?dt_team=yolanda-parrado-2\">Yolanda Parrado<\/a><\/div><p>Business Developer <\/p><\/div>\n\t\t<\/div>\n\t<\/div><\/div><\/div>[vc_empty_space]<div id=\"ultimate-heading-797869fb3f55be2ca\" class=\"uvc-heading ult-adjust-bottom-margin ultimate-heading-797869fb3f55be2ca uvc-1354 \" data-hspacer=\"no_spacer\"  data-halign=\"center\" style=\"text-align:center\"><div class=\"uvc-heading-spacer no_spacer\" style=\"top\"><\/div><div class=\"uvc-main-heading ult-responsive\"  data-ultimate-target='.uvc-heading.ultimate-heading-797869fb3f55be2ca h2'  data-responsive-json-new='{\"font-size\":\"desktop:20px;\",\"line-height\":\"\"}' ><h2 style=\"--font-weight:theme;color:#13aa9e;\">Associated Consultants:<\/h2><\/div><\/div>[vc_empty_space]<div class=\"wf-container round-images loading-effect-fade-in iso-grid description-under-image content-align-centre\" data-padding=\"70px\" data-cur-page=\"1\" data-width=\"180px\" data-columns=\"4\"><div class=\"wf-cell\" data-post-id=\"499\" data-date=\"2014-03-18T12:07:02+00:00\" data-name=\"Imed Khalifa\">\n\t<div class=\"team-container post-499 dt_team type-dt_team status-publish has-post-thumbnail hentry dt_team_category-team3 dt_team_category-2317 description-off\">\n\n\t\t<div class=\"team-media\"><a href=\"https:\/\/icpconsulting.es\/?dt_team=\" class=\"rollover layzr-bg\"><img decoding=\"async\" class=\"preload-me iso-lazy-load aspect\" src=\"data:image\/svg+xml,%3Csvg%20xmlns%3D&#39;http%3A%2F%2Fwww.w3.org%2F2000%2Fsvg&#39;%20viewBox%3D&#39;0%200%20200%20200&#39;%2F%3E\" data-src=\"https:\/\/icpconsulting.es\/wp-content\/uploads\/2014\/03\/imed-200x200.png\" data-srcset=\"https:\/\/icpconsulting.es\/wp-content\/uploads\/2014\/03\/imed-200x200.png 200w\" loading=\"eager\" style=\"--ratio: 200 \/ 200\" sizes=\"(max-width: 200px) 100vw, 200px\" width=\"200\" height=\"200\"  title=\"imed\" alt=\"\" \/><\/a><\/div>\n\t\t<div class=\"team-desc\">\n\n\t\t\t<div class=\"team-author\"><div class=\"team-author-name\"><a href=\"https:\/\/icpconsulting.es\/?dt_team=\">Imed Khalifa<\/a><\/div><p>Magreb<\/p><\/div>\n\t\t<\/div>\n\t<\/div><\/div><div class=\"wf-cell\" data-post-id=\"15191\" data-date=\"2017-09-07T17:28:53+00:00\" data-name=\"Luis Amado\">\n\t<div class=\"team-container post-15191 dt_team type-dt_team status-publish has-post-thumbnail hentry dt_team_category-team3 dt_team_category-2317 description-off\">\n\n\t\t<div class=\"team-media\"><a href=\"https:\/\/icpconsulting.es\/?dt_team=1-2-2\" class=\"rollover layzr-bg\"><img decoding=\"async\" class=\"preload-me iso-lazy-load aspect\" src=\"data:image\/svg+xml,%3Csvg%20xmlns%3D&#39;http%3A%2F%2Fwww.w3.org%2F2000%2Fsvg&#39;%20viewBox%3D&#39;0%200%20200%20200&#39;%2F%3E\" data-src=\"https:\/\/icpconsulting.es\/wp-content\/uploads\/2017\/07\/image001-200x200.png\" data-srcset=\"https:\/\/icpconsulting.es\/wp-content\/uploads\/2017\/07\/image001-200x200.png 200w\" loading=\"eager\" style=\"--ratio: 200 \/ 200\" sizes=\"(max-width: 200px) 100vw, 200px\" width=\"200\" height=\"200\"  title=\"image001\" alt=\"\" \/><\/a><\/div>\n\t\t<div class=\"team-desc\">\n\n\t\t\t<div class=\"team-author\"><div class=\"team-author-name\"><a href=\"https:\/\/icpconsulting.es\/?dt_team=1-2-2\">Luis Amado<\/a><\/div><p>Portugal & Africa<\/p><\/div>\n\t\t<\/div>\n\t<\/div><\/div><div class=\"wf-cell\" data-post-id=\"15192\" data-date=\"2017-09-07T17:29:55+00:00\" data-name=\"Donato Chiarini\">\n\t<div class=\"team-container post-15192 dt_team type-dt_team status-publish has-post-thumbnail hentry dt_team_category-team3 dt_team_category-2317 description-off\">\n\n\t\t<div class=\"team-media\"><a href=\"https:\/\/icpconsulting.es\/?dt_team=2-2\" class=\"rollover layzr-bg\"><img decoding=\"async\" class=\"preload-me iso-lazy-load aspect\" src=\"data:image\/svg+xml,%3Csvg%20xmlns%3D&#39;http%3A%2F%2Fwww.w3.org%2F2000%2Fsvg&#39;%20viewBox%3D&#39;0%200%20200%20200&#39;%2F%3E\" data-src=\"https:\/\/icpconsulting.es\/wp-content\/uploads\/2017\/07\/donatochiarini-200x200.png\" data-srcset=\"https:\/\/icpconsulting.es\/wp-content\/uploads\/2017\/07\/donatochiarini-200x200.png 200w\" loading=\"eager\" style=\"--ratio: 200 \/ 200\" sizes=\"(max-width: 200px) 100vw, 200px\" width=\"200\" height=\"200\"  title=\"donatochiarini\" alt=\"\" \/><\/a><\/div>\n\t\t<div class=\"team-desc\">\n\n\t\t\t<div class=\"team-author\"><div class=\"team-author-name\"><a href=\"https:\/\/icpconsulting.es\/?dt_team=2-2\">Donato Chiarini<\/a><\/div><p>Europe<\/p><\/div>\n\t\t<\/div>\n\t<\/div><\/div><div class=\"wf-cell\" data-post-id=\"497\" data-date=\"2014-03-19T12:03:53+00:00\" data-name=\"Samy Benosman\">\n\t<div class=\"team-container post-497 dt_team type-dt_team status-publish has-post-thumbnail hentry dt_team_category-team3 dt_team_category-2317 description-off\">\n\n\t\t<div class=\"team-media\"><a href=\"https:\/\/icpconsulting.es\/?dt_team=4-3\" class=\"rollover layzr-bg\"><img decoding=\"async\" class=\"preload-me iso-lazy-load aspect\" src=\"data:image\/svg+xml,%3Csvg%20xmlns%3D&#39;http%3A%2F%2Fwww.w3.org%2F2000%2Fsvg&#39;%20viewBox%3D&#39;0%200%20270%20270&#39;%2F%3E\" data-src=\"https:\/\/icpconsulting.es\/wp-content\/uploads\/2017\/07\/Samy-270x270.png\" data-srcset=\"https:\/\/icpconsulting.es\/wp-content\/uploads\/2017\/07\/Samy-270x270.png 270w, https:\/\/icpconsulting.es\/wp-content\/uploads\/2017\/07\/Samy-361x361.png 361w\" loading=\"eager\" style=\"--ratio: 270 \/ 270\" sizes=\"(max-width: 270px) 100vw, 270px\" width=\"270\" height=\"270\"  title=\"Samy\" alt=\"\" \/><\/a><\/div>\n\t\t<div class=\"team-desc\">\n\n\t\t\t<div class=\"team-author\"><div class=\"team-author-name\"><a href=\"https:\/\/icpconsulting.es\/?dt_team=4-3\">Samy Benosman<\/a><\/div><p>Middle Eastern Countries<\/p><\/div>\n\t\t<\/div>\n\t<\/div><\/div><div class=\"wf-cell\" data-post-id=\"14883\" data-date=\"2017-08-11T20:18:49+00:00\" data-name=\"Rannv\u00e1 Troest\">\n\t<div class=\"team-container post-14883 dt_team type-dt_team status-publish has-post-thumbnail hentry dt_team_category-team3 dt_team_category-2317 description-off\">\n\n\t\t<div class=\"team-media\"><a href=\"https:\/\/icpconsulting.es\/?dt_team=6-2\" class=\"rollover layzr-bg\"><img decoding=\"async\" class=\"preload-me iso-lazy-load aspect\" src=\"data:image\/svg+xml,%3Csvg%20xmlns%3D&#39;http%3A%2F%2Fwww.w3.org%2F2000%2Fsvg&#39;%20viewBox%3D&#39;0%200%20270%20270&#39;%2F%3E\" data-src=\"https:\/\/icpconsulting.es\/wp-content\/uploads\/2017\/07\/Foto-Rannva\u0301-Troest-270x270.png\" data-srcset=\"https:\/\/icpconsulting.es\/wp-content\/uploads\/2017\/07\/Foto-Rannva\u0301-Troest-270x270.png 270w, https:\/\/icpconsulting.es\/wp-content\/uploads\/2017\/07\/Foto-Rannva\u0301-Troest-540x540.png 540w\" loading=\"eager\" style=\"--ratio: 270 \/ 270\" sizes=\"(max-width: 270px) 100vw, 270px\" width=\"270\" height=\"270\"  title=\"Foto-Rannva\u0301-Troest\" alt=\"\" \/><\/a><\/div>\n\t\t<div class=\"team-desc\">\n\n\t\t\t<div class=\"team-author\"><div class=\"team-author-name\"><a href=\"https:\/\/icpconsulting.es\/?dt_team=6-2\">Rannv\u00e1 Troest<\/a><\/div><p>Nordic Countries<\/p><\/div>\n\t\t<\/div>\n\t<\/div><\/div><div class=\"wf-cell\" data-post-id=\"16637\" data-date=\"2019-05-05T17:42:06+00:00\" data-name=\"Ali Sbai\">\n\t<div class=\"team-container post-16637 dt_team type-dt_team status-publish has-post-thumbnail hentry dt_team_category-team3 dt_team_category-2317 description-off\">\n\n\t\t<div class=\"team-media\"><a href=\"https:\/\/icpconsulting.es\/?dt_team=ali-sbai\" class=\"rollover layzr-bg\"><img decoding=\"async\" class=\"preload-me iso-lazy-load aspect\" src=\"data:image\/svg+xml,%3Csvg%20xmlns%3D&#39;http%3A%2F%2Fwww.w3.org%2F2000%2Fsvg&#39;%20viewBox%3D&#39;0%200%20150%20150&#39;%2F%3E\" data-src=\"https:\/\/icpconsulting.es\/wp-content\/uploads\/2019\/05\/ali.png\" data-srcset=\"https:\/\/icpconsulting.es\/wp-content\/uploads\/2019\/05\/ali.png 150w\" loading=\"eager\" style=\"--ratio: 150 \/ 150\" sizes=\"(max-width: 150px) 100vw, 150px\" width=\"150\" height=\"150\"  title=\"ali\" alt=\"\" \/><\/a><\/div>\n\t\t<div class=\"team-desc\">\n\n\t\t\t<div class=\"team-author\"><div class=\"team-author-name\"><a href=\"https:\/\/icpconsulting.es\/?dt_team=ali-sbai\">Ali Sbai<\/a><\/div><p>Morocco<\/p><\/div>\n\t\t<\/div>\n\t<\/div><\/div><\/div>[vc_empty_space]<div id=\"ultimate-heading-886169fb3f55c91b4\" class=\"uvc-heading ult-adjust-bottom-margin ultimate-heading-886169fb3f55c91b4 uvc-3672 \" data-hspacer=\"no_spacer\"  data-halign=\"center\" style=\"text-align:center\"><div class=\"uvc-heading-spacer no_spacer\" style=\"top\"><\/div><div class=\"uvc-main-heading ult-responsive\"  data-ultimate-target='.uvc-heading.ultimate-heading-886169fb3f55c91b4 h2'  data-responsive-json-new='{\"font-size\":\"desktop:20px;\",\"line-height\":\"\"}' ><h2 style=\"--font-weight:theme;color:#13aa9e;\">Senior Consultants:<\/h2><\/div><\/div>[vc_empty_space]<div class=\"wf-container round-images loading-effect-fade-in iso-grid description-under-image content-align-centre\" data-padding=\"70px\" data-cur-page=\"1\" data-width=\"180px\" data-columns=\"4\"><div class=\"wf-cell\" data-post-id=\"16255\" data-date=\"2018-02-07T13:58:03+00:00\" data-name=\"Moez Ben A\u00efssa\">\n\t<div class=\"team-container post-16255 dt_team type-dt_team status-publish has-post-thumbnail hentry dt_team_category-1-team dt_team_category-382 description-off\">\n\n\t\t<div class=\"team-media\"><a href=\"https:\/\/icpconsulting.es\/?dt_team=\" class=\"rollover layzr-bg\"><img decoding=\"async\" class=\"preload-me iso-lazy-load aspect\" src=\"data:image\/svg+xml,%3Csvg%20xmlns%3D&#39;http%3A%2F%2Fwww.w3.org%2F2000%2Fsvg&#39;%20viewBox%3D&#39;0%200%20200%20200&#39;%2F%3E\" data-src=\"https:\/\/icpconsulting.es\/wp-content\/uploads\/2018\/02\/Moez-200x200.jpg\" data-srcset=\"https:\/\/icpconsulting.es\/wp-content\/uploads\/2018\/02\/Moez-200x200.jpg 200w\" loading=\"eager\" style=\"--ratio: 200 \/ 200\" sizes=\"(max-width: 200px) 100vw, 200px\" width=\"200\" height=\"200\"  title=\"Moez\" alt=\"\" \/><\/a><\/div>\n\t\t<div class=\"team-desc\">\n\n\t\t\t<div class=\"team-author\"><div class=\"team-author-name\"><a href=\"https:\/\/icpconsulting.es\/?dt_team=\">Moez Ben A\u00efssa<\/a><\/div><p>New Technologies Sector<\/p><\/div>\n\t\t<\/div>\n\t<\/div><\/div><div class=\"wf-cell\" data-post-id=\"14892\" data-date=\"2017-08-11T21:00:02+00:00\" data-name=\"Jose M\u00aa P\u00e9rez de Olacoechea\">\n\t<div class=\"team-container post-14892 dt_team type-dt_team status-publish has-post-thumbnail hentry dt_team_category-1-team dt_team_category-382 description-off\">\n\n\t\t<div class=\"team-media\"><a href=\"https:\/\/icpconsulting.es\/?dt_team=\" class=\"rollover layzr-bg\"><img decoding=\"async\" class=\"preload-me iso-lazy-load aspect\" src=\"data:image\/svg+xml,%3Csvg%20xmlns%3D&#39;http%3A%2F%2Fwww.w3.org%2F2000%2Fsvg&#39;%20viewBox%3D&#39;0%200%20150%20150&#39;%2F%3E\" data-src=\"https:\/\/icpconsulting.es\/wp-content\/uploads\/2017\/08\/cucho2-150x150.png\" data-srcset=\"https:\/\/icpconsulting.es\/wp-content\/uploads\/2017\/08\/cucho2-150x150.png 150w\" loading=\"eager\" style=\"--ratio: 150 \/ 150\" sizes=\"(max-width: 150px) 100vw, 150px\" width=\"150\" height=\"150\"  title=\"cucho2\" alt=\"\" \/><\/a><\/div>\n\t\t<div class=\"team-desc\">\n\n\t\t\t<div class=\"team-author\"><div class=\"team-author-name\"><a href=\"https:\/\/icpconsulting.es\/?dt_team=\">Jose M\u00aa P\u00e9rez de Olacoechea<\/a><\/div><p>Healthcare Sector<\/p><\/div>\n\t\t<\/div>\n\t<\/div><\/div><div class=\"wf-cell\" data-post-id=\"15082\" data-date=\"2017-09-05T10:43:11+00:00\" data-name=\"Jordi Navas\">\n\t<div class=\"team-container post-15082 dt_team type-dt_team status-publish has-post-thumbnail hentry dt_team_category-1-team dt_team_category-382 description-off\">\n\n\t\t<div class=\"team-media\"><a href=\"https:\/\/icpconsulting.es\/?dt_team=2-3\" class=\"rollover layzr-bg\"><img decoding=\"async\" class=\"preload-me iso-lazy-load aspect\" src=\"data:image\/svg+xml,%3Csvg%20xmlns%3D&#39;http%3A%2F%2Fwww.w3.org%2F2000%2Fsvg&#39;%20viewBox%3D&#39;0%200%20200%20200&#39;%2F%3E\" data-src=\"https:\/\/icpconsulting.es\/wp-content\/uploads\/2017\/09\/13-200x200.png\" data-srcset=\"https:\/\/icpconsulting.es\/wp-content\/uploads\/2017\/09\/13-200x200.png 200w\" loading=\"eager\" style=\"--ratio: 200 \/ 200\" sizes=\"(max-width: 200px) 100vw, 200px\" width=\"200\" height=\"200\"  title=\"13\" alt=\"\" \/><\/a><\/div>\n\t\t<div class=\"team-desc\">\n\n\t\t\t<div class=\"team-author\"><div class=\"team-author-name\"><a href=\"https:\/\/icpconsulting.es\/?dt_team=2-3\">Jordi Navas<\/a><\/div><p>Corporate Communication Sector<\/p><\/div>\n\t\t<\/div>\n\t<\/div><\/div><div class=\"wf-cell\" data-post-id=\"498\" data-date=\"2014-03-19T12:05:52+00:00\" data-name=\"Francisco Zurera\">\n\t<div class=\"team-container post-498 dt_team type-dt_team status-publish has-post-thumbnail hentry dt_team_category-1-team dt_team_category-382 description-off\">\n\n\t\t<div class=\"team-media\"><a href=\"https:\/\/icpconsulting.es\/?dt_team=2-4\" class=\"rollover layzr-bg\"><img decoding=\"async\" class=\"preload-me iso-lazy-load aspect\" src=\"data:image\/svg+xml,%3Csvg%20xmlns%3D&#39;http%3A%2F%2Fwww.w3.org%2F2000%2Fsvg&#39;%20viewBox%3D&#39;0%200%20200%20200&#39;%2F%3E\" data-src=\"https:\/\/icpconsulting.es\/wp-content\/uploads\/2017\/07\/zurera-200x200.png\" data-srcset=\"https:\/\/icpconsulting.es\/wp-content\/uploads\/2017\/07\/zurera-200x200.png 200w\" loading=\"eager\" style=\"--ratio: 200 \/ 200\" sizes=\"(max-width: 200px) 100vw, 200px\" width=\"200\" height=\"200\"  title=\"zurera\" alt=\"\" \/><\/a><\/div>\n\t\t<div class=\"team-desc\">\n\n\t\t\t<div class=\"team-author\"><div class=\"team-author-name\"><a href=\"https:\/\/icpconsulting.es\/?dt_team=2-4\">Francisco Zurera<\/a><\/div><p>Agro Alimentary Sector<\/p><\/div>\n\t\t<\/div>\n\t<\/div><\/div><\/div>[\/vc_column][\/vc_row]<\/p>\n<\/div>","protected":false},"excerpt":{"rendered":"<p>[vc_row type=\u00bb1&#8243; padding_top=\u00bb60&#8243; padding_bottom=\u00bb30&#8243;][vc_column][vc_row_inner][vc_column_inner][vc_column_text]ICP Consulting pone a disposici\u00f3n de empresas y administraciones p\u00fablicas equipos multidisciplinares de consultores y gestores expertos en internacionalizaci\u00f3n y mercados exteriores, al tiempo que asesora en los \u00e1mbitos multilaterales y la promoci\u00f3n de pol\u00edticas p\u00fablicas a nivel internacional. La formaci\u00f3n especializada y la amplia experiencia de consultores y colaboradores asociados de&hellip;<\/p>\n","protected":false},"author":1,"featured_media":0,"parent":0,"menu_order":450,"comment_status":"closed","ping_status":"closed","template":"","meta":{"footnotes":""},"class_list":["post-14823","page","type-page","status-publish","hentry","description-off"],"yoast_head":"<!-- This site is optimized with the Yoast SEO Premium plugin v25.1 (Yoast SEO v27.4) - https:\/\/yoast.com\/product\/yoast-seo-premium-wordpress\/ -->\n<title>Equipo - Icpconsulting<\/title>\n<meta name=\"robots\" content=\"index, follow, max-snippet:-1, max-image-preview:large, max-video-preview:-1\" \/>\n<link rel=\"canonical\" href=\"https:\/\/icpconsulting.es\/?page_id=14823\" \/>\n<meta property=\"og:locale\" content=\"es_ES\" \/>\n<meta property=\"og:type\" content=\"article\" \/>\n<meta property=\"og:title\" content=\"Equipo\" \/>\n<meta property=\"og:description\" content=\"[vc_row type=\u00bb1&#8243; padding_top=\u00bb60&#8243; padding_bottom=\u00bb30&#8243;][vc_column][vc_row_inner][vc_column_inner][vc_column_text]ICP Consulting pone a disposici\u00f3n de empresas y administraciones p\u00fablicas equipos multidisciplinares de consultores y gestores expertos en internacionalizaci\u00f3n y mercados exteriores, al tiempo que asesora en los \u00e1mbitos multilaterales y la promoci\u00f3n de pol\u00edticas p\u00fablicas a nivel internacional. La formaci\u00f3n especializada y la amplia experiencia de consultores y colaboradores asociados de&hellip;\" \/>\n<meta property=\"og:url\" content=\"https:\/\/icpconsulting.es\/?page_id=14823\" \/>\n<meta property=\"og:site_name\" content=\"Icpconsulting\" \/>\n<meta property=\"article:modified_time\" content=\"2019-01-30T21:48:32+00:00\" \/>\n<meta name=\"twitter:card\" content=\"summary_large_image\" \/>\n<meta name=\"twitter:label1\" content=\"Tiempo de lectura\" \/>\n\t<meta name=\"twitter:data1\" content=\"1 minuto\" \/>\n<script type=\"application\/ld+json\" class=\"yoast-schema-graph\">{\"@context\":\"https:\\\/\\\/schema.org\",\"@graph\":[{\"@type\":\"WebPage\",\"@id\":\"https:\\\/\\\/icpconsulting.es\\\/?page_id=14823\",\"url\":\"https:\\\/\\\/icpconsulting.es\\\/?page_id=14823\",\"name\":\"Equipo - Icpconsulting\",\"isPartOf\":{\"@id\":\"https:\\\/\\\/icpconsulting.es\\\/#website\"},\"datePublished\":\"2014-03-18T18:44:31+00:00\",\"dateModified\":\"2019-01-30T21:48:32+00:00\",\"breadcrumb\":{\"@id\":\"https:\\\/\\\/icpconsulting.es\\\/?page_id=14823#breadcrumb\"},\"inLanguage\":\"es\",\"potentialAction\":[{\"@type\":\"ReadAction\",\"target\":[\"https:\\\/\\\/icpconsulting.es\\\/?page_id=14823\"]}]},{\"@type\":\"BreadcrumbList\",\"@id\":\"https:\\\/\\\/icpconsulting.es\\\/?page_id=14823#breadcrumb\",\"itemListElement\":[{\"@type\":\"ListItem\",\"position\":1,\"name\":\"Portada\",\"item\":\"https:\\\/\\\/icpconsulting.es\\\/\"},{\"@type\":\"ListItem\",\"position\":2,\"name\":\"Equipo\"}]},{\"@type\":\"WebSite\",\"@id\":\"https:\\\/\\\/icpconsulting.es\\\/#website\",\"url\":\"https:\\\/\\\/icpconsulting.es\\\/\",\"name\":\"Icpconsulting\",\"description\":\"Just another WordPress site\",\"potentialAction\":[{\"@type\":\"SearchAction\",\"target\":{\"@type\":\"EntryPoint\",\"urlTemplate\":\"https:\\\/\\\/icpconsulting.es\\\/?s={search_term_string}\"},\"query-input\":{\"@type\":\"PropertyValueSpecification\",\"valueRequired\":true,\"valueName\":\"search_term_string\"}}],\"inLanguage\":\"es\"}]}<\/script>\n<!-- \/ Yoast SEO Premium plugin. -->","yoast_head_json":{"title":"Equipo - Icpconsulting","robots":{"index":"index","follow":"follow","max-snippet":"max-snippet:-1","max-image-preview":"max-image-preview:large","max-video-preview":"max-video-preview:-1"},"canonical":"https:\/\/icpconsulting.es\/?page_id=14823","og_locale":"es_ES","og_type":"article","og_title":"Equipo","og_description":"[vc_row type=\u00bb1&#8243; padding_top=\u00bb60&#8243; padding_bottom=\u00bb30&#8243;][vc_column][vc_row_inner][vc_column_inner][vc_column_text]ICP Consulting pone a disposici\u00f3n de empresas y administraciones p\u00fablicas equipos multidisciplinares de consultores y gestores expertos en internacionalizaci\u00f3n y mercados exteriores, al tiempo que asesora en los \u00e1mbitos multilaterales y la promoci\u00f3n de pol\u00edticas p\u00fablicas a nivel internacional. La formaci\u00f3n especializada y la amplia experiencia de consultores y colaboradores asociados de&hellip;","og_url":"https:\/\/icpconsulting.es\/?page_id=14823","og_site_name":"Icpconsulting","article_modified_time":"2019-01-30T21:48:32+00:00","twitter_card":"summary_large_image","twitter_misc":{"Tiempo de lectura":"1 minuto"},"schema":{"@context":"https:\/\/schema.org","@graph":[{"@type":"WebPage","@id":"https:\/\/icpconsulting.es\/?page_id=14823","url":"https:\/\/icpconsulting.es\/?page_id=14823","name":"Equipo - Icpconsulting","isPartOf":{"@id":"https:\/\/icpconsulting.es\/#website"},"datePublished":"2014-03-18T18:44:31+00:00","dateModified":"2019-01-30T21:48:32+00:00","breadcrumb":{"@id":"https:\/\/icpconsulting.es\/?page_id=14823#breadcrumb"},"inLanguage":"es","potentialAction":[{"@type":"ReadAction","target":["https:\/\/icpconsulting.es\/?page_id=14823"]}]},{"@type":"BreadcrumbList","@id":"https:\/\/icpconsulting.es\/?page_id=14823#breadcrumb","itemListElement":[{"@type":"ListItem","position":1,"name":"Portada","item":"https:\/\/icpconsulting.es\/"},{"@type":"ListItem","position":2,"name":"Equipo"}]},{"@type":"WebSite","@id":"https:\/\/icpconsulting.es\/#website","url":"https:\/\/icpconsulting.es\/","name":"Icpconsulting","description":"Just another WordPress site","potentialAction":[{"@type":"SearchAction","target":{"@type":"EntryPoint","urlTemplate":"https:\/\/icpconsulting.es\/?s={search_term_string}"},"query-input":{"@type":"PropertyValueSpecification","valueRequired":true,"valueName":"search_term_string"}}],"inLanguage":"es"}]}},"_links":{"self":[{"href":"https:\/\/icpconsulting.es\/index.php?rest_route=\/wp\/v2\/pages\/14823","targetHints":{"allow":["GET"]}}],"collection":[{"href":"https:\/\/icpconsulting.es\/index.php?rest_route=\/wp\/v2\/pages"}],"about":[{"href":"https:\/\/icpconsulting.es\/index.php?rest_route=\/wp\/v2\/types\/page"}],"author":[{"embeddable":true,"href":"https:\/\/icpconsulting.es\/index.php?rest_route=\/wp\/v2\/users\/1"}],"replies":[{"embeddable":true,"href":"https:\/\/icpconsulting.es\/index.php?rest_route=%2Fwp%2Fv2%2Fcomments&post=14823"}],"version-history":[{"count":0,"href":"https:\/\/icpconsulting.es\/index.php?rest_route=\/wp\/v2\/pages\/14823\/revisions"}],"wp:attachment":[{"href":"https:\/\/icpconsulting.es\/index.php?rest_route=%2Fwp%2Fv2%2Fmedia&parent=14823"}],"curies":[{"name":"wp","href":"https:\/\/api.w.org\/{rel}","templated":true}]}}